{"id":247,"date":"2022-04-12T12:54:47","date_gmt":"2022-04-12T10:54:47","guid":{"rendered":"https:\/\/www.spolocenstvosne.sk\/?page_id=247"},"modified":"2022-04-12T14:09:11","modified_gmt":"2022-04-12T12:09:11","slug":"fotoalbum","status":"publish","type":"page","link":"https:\/\/www.spolocenstvosne.sk\/?page_id=247","title":{"rendered":"Fotoalbum"},"content":{"rendered":"\n<h2 class=\"alignwide wp-block-heading\">S\u00fabor s na\u0161imi fotografiami n\u00e1jdete na tomto odkaze: <\/h2>\n\n\n\n<p class=\"has-text-align-center\"><a href=\"https:\/\/photos.app.goo.gl\/Vxii4TuCbDd5ZYvS9\"><strong><em>https:\/\/photos.app.goo.gl\/<\/em><\/strong><\/a><a rel=\"noreferrer noopener\" href=\"https:\/\/photos.app.goo.gl\/Vxii4TuCbDd5ZYvS9\" target=\"_blank\"><strong><em>Vxii4TuCbDd5ZYvS9<\/em><\/strong><\/a><\/p>\n","protected":false},"excerpt":{"rendered":"<p>S\u00fabor s na\u0161imi fotografiami n\u00e1jdete na tomto odkaze: https:\/\/photos.app.goo.gl\/Vxii4TuCbDd5ZYvS9<\/p>\n","protected":false},"author":1,"featured_media":266,"parent":0,"menu_order":0,"comment_status":"closed","ping_status":"closed","template":"templates\/template-cover.php","meta":{"footnotes":""},"class_list":["post-247","page","type-page","status-publish","has-post-thumbnail","hentry"],"_links":{"self":[{"href":"https:\/\/www.spolocenstvosne.sk\/index.php?rest_route=\/wp\/v2\/pages\/247","targetHints":{"allow":["GET"]}}],"collection":[{"href":"https:\/\/www.spolocenstvosne.sk\/index.php?rest_route=\/wp\/v2\/pages"}],"about":[{"href":"https:\/\/www.spolocenstvosne.sk\/index.php?rest_route=\/wp\/v2\/types\/page"}],"author":[{"embeddable":true,"href":"https:\/\/www.spolocenstvosne.sk\/index.php?rest_route=\/wp\/v2\/users\/1"}],"replies":[{"embeddable":true,"href":"https:\/\/www.spolocenstvosne.sk\/index.php?rest_route=%2Fwp%2Fv2%2Fcomments&post=247"}],"version-history":[{"count":4,"href":"https:\/\/www.spolocenstvosne.sk\/index.php?rest_route=\/wp\/v2\/pages\/247\/revisions"}],"predecessor-version":[{"id":270,"href":"https:\/\/www.spolocenstvosne.sk\/index.php?rest_route=\/wp\/v2\/pages\/247\/revisions\/270"}],"wp:featuredmedia":[{"embeddable":true,"href":"https:\/\/www.spolocenstvosne.sk\/index.php?rest_route=\/wp\/v2\/media\/266"}],"wp:attachment":[{"href":"https:\/\/www.spolocenstvosne.sk\/index.php?rest_route=%2Fwp%2Fv2%2Fmedia&parent=247"}],"curies":[{"name":"wp","href":"https:\/\/api.w.org\/{rel}","templated":true}]}}